{"id":1538,"date":"2023-03-16T00:45:09","date_gmt":"2023-03-15T23:45:09","guid":{"rendered":"https:\/\/www.campingsantostefano.it\/regolamento\/"},"modified":"2026-03-18T01:43:46","modified_gmt":"2026-03-18T00:43:46","slug":"reglement-du-camping","status":"publish","type":"page","link":"https:\/\/www.campingsantostefano.it\/fr\/reglement-du-camping\/","title":{"rendered":"R\u00e8glement"},"content":{"rendered":"\t\t<div data-elementor-type=\"wp-page\" data-elementor-id=\"1538\" class=\"elementor elementor-1538 elementor-18\" data-elementor-post-type=\"page\">\n\t\t\t\t<div data-particle_enable=\"false\" data-particle-mobile-disabled=\"false\" class=\"elementor-element elementor-element-199c9ba e-con-full e-flex e-con e-parent\" data-id=\"199c9ba\" data-element_type=\"container\" data-e-type=\"container\" data-settings=\"{&quot;shape_divider_bottom&quot;:&quot;opacity-tilt&quot;}\">\n\t\t\t\t<div class=\"elementor-shape elementor-shape-bottom\" aria-hidden=\"true\" data-negative=\"false\">\n\t\t\t<svg xmlns=\"http:\/\/www.w3.org\/2000\/svg\" viewBox=\"0 0 2600 131.1\" preserveAspectRatio=\"none\">\n\t<path class=\"elementor-shape-fill\" d=\"M0 0L2600 0 2600 69.1 0 0z\"\/>\n\t<path class=\"elementor-shape-fill\" style=\"opacity:0.5\" d=\"M0 0L2600 0 2600 69.1 0 69.1z\"\/>\n\t<path class=\"elementor-shape-fill\" style=\"opacity:0.25\" d=\"M2600 0L0 0 0 130.1 2600 69.1z\"\/>\n<\/svg>\t\t<\/div>\n\t\t\t\t<div class=\"elementor-element elementor-element-91e3fc3 elementor--h-position-center elementor--v-position-middle elementor-widget elementor-widget-slides\" data-id=\"91e3fc3\" data-element_type=\"widget\" data-e-type=\"widget\" data-settings=\"{&quot;navigation&quot;:&quot;none&quot;,&quot;transition&quot;:&quot;slide&quot;,&quot;transition_speed&quot;:500}\" data-widget_type=\"slides.default\">\n\t\t\t\t<div class=\"elementor-widget-container\">\n\t\t\t\t\t\t\t\t\t<div class=\"elementor-swiper\">\n\t\t\t\t\t<div class=\"elementor-slides-wrapper elementor-main-swiper swiper\" role=\"region\" aria-roledescription=\"carousel\" aria-label=\"Slides\" dir=\"ltr\" data-animation=\"zoomIn\">\n\t\t\t\t<div class=\"swiper-wrapper elementor-slides\">\n\t\t\t\t\t\t\t\t\t\t<div class=\"elementor-repeater-item-2024c39 swiper-slide\" role=\"group\" aria-roledescription=\"slide\"><div class=\"swiper-slide-bg elementor-ken-burns elementor-ken-burns--out\" role=\"img\" aria-label=\"camping-santo-stefano-monopoli-puglia-seaside-camping-location-rules-regole-regolamento-nature\"><\/div><div class=\"swiper-slide-inner\" ><div class=\"swiper-slide-contents\"><div class=\"elementor-slide-heading\">R\u00e8glement<\/div><\/div><\/div><\/div>\t\t\t\t<\/div>\n\t\t\t\t\t\t\t<\/div>\n\t\t\t\t<\/div>\n\t\t\t\t\t\t\t\t<\/div>\n\t\t\t\t<\/div>\n\t\t\t\t<\/div>\n\t\t<div data-particle_enable=\"false\" data-particle-mobile-disabled=\"false\" class=\"elementor-element elementor-element-2215b70 e-con-full e-flex e-con e-parent\" data-id=\"2215b70\" data-element_type=\"container\" data-e-type=\"container\">\n\t\t<div data-particle_enable=\"false\" data-particle-mobile-disabled=\"false\" class=\"elementor-element elementor-element-8d0746f e-con-full e-flex e-con e-child\" data-id=\"8d0746f\" data-element_type=\"container\" data-e-type=\"container\">\n\t\t\t\t<div class=\"elementor-element elementor-element-eb406cc elementor-widget elementor-widget-text-editor\" data-id=\"eb406cc\" data-element_type=\"widget\" data-e-type=\"widget\" data-widget_type=\"text-editor.default\">\n\t\t\t\t<div class=\"elementor-widget-container\">\n\t\t\t\t\t\t\t\t\t<p>Le pr\u00e9sent r\u00e8glement a pour objectif de garantir une cohabitation sereine et respectueuse entre tous les clients du Camping Santo Stefano. Il ne constitue pas une liste exhaustive de r\u00e8gles, mais un ensemble de principes essentiels visant \u00e0 assurer le respect, la s\u00e9curit\u00e9 et le bien-\u00eatre de tous.<\/p><p>L\u2019acc\u00e8s et le s\u00e9jour dans l\u2019\u00e9tablissement impliquent l\u2019acceptation compl\u00e8te du pr\u00e9sent r\u00e8glement.<\/p><h5>1. Acc\u00e8s \u00e0 l\u2019\u00e9tablissement<\/h5><p>L\u2019acc\u00e8s au camping est soumis \u00e0 l\u2019autorisation de la Direction ainsi qu\u2019\u00e0 l\u2019enregistrement requis par la l\u00e9gislation en vigueur.<\/p><p>L\u2019entr\u00e9e est autoris\u00e9e uniquement aux horaires indiqu\u00e9s par la Direction.<\/p><h5>2. Visiteurs externes<\/h5><p>L\u2019acc\u00e8s des visiteurs externes est autoris\u00e9 uniquement apr\u00e8s accord pr\u00e9alable de la Direction et enregistrement des donn\u00e9es personnelles.<\/p><p>La pr\u00e9sence est gratuite pour une dur\u00e9e maximale de 60 minutes.<\/p><p>Au-del\u00e0 de ce d\u00e9lai, la pr\u00e9sence est soumise au paiement du tarif pr\u00e9vu pour les visiteurs journaliers, selon la grille tarifaire en vigueur.<\/p><p>Les visiteurs sont sous la responsabilit\u00e9 du client qui les a invit\u00e9s et doivent respecter le pr\u00e9sent r\u00e8glement.<\/p><p>La Direction se r\u00e9serve le droit de limiter ou de refuser l\u2019acc\u00e8s aux visiteurs pour des raisons organisationnelles ou de s\u00e9curit\u00e9.<\/p><h5>3. Attribution des emplacements et des h\u00e9bergements<\/h5><p>L\u2019occupation des emplacements et des h\u00e9bergements est soumise \u00e0 l\u2019autorisation de la Direction.<\/p><p>La Direction se r\u00e9serve le droit d\u2019attribuer ou de modifier l\u2019emplacement des h\u00e9bergements en fonction des n\u00e9cessit\u00e9s organisationnelles.<\/p><h5>4. Horaires de silence<\/h5><p>Le silence est requis durant les plages horaires suivantes :<\/p><p>&#8211; de 00h00 \u00e0 07h00<br \/>&#8211; de 13h30 \u00e0 16h00<\/p><p>Durant ces p\u00e9riodes, il est interdit de :<\/p><p>&#8211; circuler avec des v\u00e9hicules motoris\u00e9s<br \/>&#8211; monter ou d\u00e9monter des tentes ou \u00e9quipements<br \/>&#8211; troubler la tranquillit\u00e9 \u00e0 l\u2019aide d\u2019appareils sonores<\/p><p>En dehors de ces plages horaires, la t\u00e9l\u00e9vision est tol\u00e9r\u00e9e uniquement \u00e0 faible volume. Les clients sont invit\u00e9s \u00e0 mod\u00e9rer les nuisances sonores tout au long de la journ\u00e9e, dans le respect du repos des autres vacanciers.<\/p><h5>5. Circulation et v\u00e9hicules<\/h5><p>La vitesse maximale autoris\u00e9e est de 10 km\/h.<\/p><p>Les v\u00e9hicules ne peuvent circuler que pendant les horaires autoris\u00e9s et doivent \u00eatre stationn\u00e9s dans les emplacements pr\u00e9vus.<\/p><h5>6. S\u00e9curit\u00e9 et pr\u00e9vention incendie<\/h5><p>Il est strictement interdit d\u2019allumer des feux ou d\u2019utiliser des barbecues \u00e0 charbon ou \u00e0 bois, tant sur les emplacements que sur la plage.<\/p><p>Une attention particuli\u00e8re doit \u00eatre port\u00e9e aux mat\u00e9riaux inflammables. Il est recommand\u00e9 d\u2019\u00e9teindre soigneusement allumettes et cigarettes.<\/p><p>Toute violation de ces r\u00e8gles peut constituer une infraction p\u00e9nale. Toute situation pr\u00e9sentant un risque grave pour les personnes ou les biens pourra entra\u00eener l\u2019expulsion imm\u00e9diate du camping, sans pr\u00e9judice des dispositions l\u00e9gales applicables.<\/p><h5>7. Installations et services<\/h5><p>Le raccordement \u00e9lectrique est autoris\u00e9 uniquement pour l\u2019\u00e9clairage et le r\u00e9frig\u00e9rateur, et doit \u00eatre effectu\u00e9 avec des prises conformes avec mise \u00e0 la terre. Le branchement au r\u00e9seau \u00e9lectrique doit \u00eatre r\u00e9alis\u00e9 par le personnel du camping.<\/p><p>Il est strictement interdit de d\u00e9verser des eaux us\u00e9es de quelque nature que ce soit en dehors des points pr\u00e9vus et signal\u00e9s (proc\u00e9dure obligatoire pour caravanes et camping-cars).<\/p><p>Les clients sont tenus de respecter scrupuleusement les r\u00e8gles de tri s\u00e9lectif dans les zones pr\u00e9vues.<\/p><h5>8. Propret\u00e9 et environnement<\/h5><p>Les clients doivent maintenir leur emplacement propre et respecter l\u2019environnement naturel.<\/p><h5>9. Responsabilit\u00e9 et effets personnels<\/h5><p>La Direction d\u00e9cline toute responsabilit\u00e9 en cas de vol ou de d\u00e9t\u00e9rioration d\u2019objets personnels.<\/p><p>Les clients sont responsables des dommages caus\u00e9s aux biens ou aux personnes.<\/p><h5>10. R\u00e8gles pour les h\u00e9bergements (mobil-homes)<\/h5><p>Les h\u00e9bergements doivent \u00eatre utilis\u00e9s avec soin et conform\u00e9ment \u00e0 leur destination.<\/p><p>Sont inclus dans le tarif :<\/p><p>&#8211; consommations (eau, \u00e9lectricit\u00e9, gaz)<br \/>&#8211; climatisation<br \/>&#8211; linge de lit initial<br \/>&#8211; nettoyage final<br \/>&#8211; parking pour un v\u00e9hicule<br \/>&#8211; Wi-Fi (signal variable)<\/p><p>Ne sont pas inclus :<\/p><p>&#8211; taxe de s\u00e9jour (voir point 13)<br \/>&#8211; linge de toilette, disponible sur demande (6,00 \u20ac par changement)<\/p><p>Check-in : \u00e0 partir de 17h00<br \/>Check-out : avant 10h00<\/p><p>Il est strictement interdit de d\u00e9passer le nombre de personnes pr\u00e9vu dans la r\u00e9servation.<\/p><h5>11. Conditions sp\u00e9cifiques pour les h\u00e9bergements<\/h5><p>La r\u00e9servation est soumise aux Conditions G\u00e9n\u00e9rales de Vente :<br \/><a href=\"https:\/\/www.campingsantostefano.it\/fr\/conditions-generales-de-vente\/\">https:\/\/www.campingsantostefano.it\/fr\/conditions-generales-de-vente\/<\/a><\/p><h5><strong>Annulations<\/strong><\/h5><p>&#8211; jusqu\u2019\u00e0 30 jours avant l\u2019arriv\u00e9e : remboursement 100 %<br \/>&#8211; de 29 \u00e0 15 jours avant l\u2019arriv\u00e9e : remboursement 50 % (minimum 100 \u20ac retenus)<br \/>&#8211; dans les 14 jours pr\u00e9c\u00e9dents ou non-pr\u00e9sentation : aucun remboursement<\/p><h5><strong>S\u00e9jour<\/strong><\/h5><p>Le solde doit \u00eatre r\u00e9gl\u00e9 \u00e0 l\u2019arriv\u00e9e.<\/p><p>Le s\u00e9jour est d\u00fb en totalit\u00e9 m\u00eame en cas d\u2019arriv\u00e9e tardive ou de d\u00e9part anticip\u00e9.<\/p><p>La Direction se r\u00e9serve le droit de r\u00e9attribuer l\u2019h\u00e9bergement si celui-ci n\u2019est pas occup\u00e9 dans un d\u00e9lai de 2 jours apr\u00e8s la date d\u2019arriv\u00e9e pr\u00e9vue.<\/p><h5><strong>Dommages<\/strong><\/h5><p>Les \u00e9ventuels dommages seront constat\u00e9s au d\u00e9part et pourront \u00eatre factur\u00e9s ult\u00e9rieurement, sous r\u00e9serve d\u2019une notification document\u00e9e.<\/p><h5>12. Animaux domestiques<\/h5><p>Les animaux sont admis sous r\u00e9serve d\u2019autorisation pr\u00e9alable.<\/p><p>Un carnet de sant\u00e9 ou passeport europ\u00e9en \u00e0 jour doit \u00eatre pr\u00e9sent\u00e9 \u00e0 l\u2019arriv\u00e9e.<\/p><p>Les chiens doivent \u00eatre tenus en laisse en permanence et, si n\u00e9cessaire, porter une museli\u00e8re.<\/p><p>Les propri\u00e9taires doivent ramasser les d\u00e9jections.<\/p><p>La Direction fournit gratuitement des sacs biod\u00e9gradables pour les s\u00e9jours d\u2019au moins 5 jours.<\/p><p>Il est interdit :<\/p><p>&#8211; d\u2019introduire des animaux dans les sanitaires et le bar<br \/>&#8211; de laver les animaux dans les douches<\/p><p>Les propri\u00e9taires sont responsables des dommages caus\u00e9s par leurs animaux.<\/p><p>La Direction se r\u00e9serve le droit d\u2019exclure tout animal jug\u00e9 dangereux ou mal contr\u00f4l\u00e9.<\/p><h5>13. Tarifs et taxe de s\u00e9jour<\/h5><p>Les tarifs, affich\u00e9s \u00e0 la r\u00e9ception, s\u2019appliquent du jour d\u2019arriv\u00e9e jusqu\u2019\u00e0 11h00 le lendemain.<\/p><p>La taxe de s\u00e9jour, pr\u00e9vue par la commune de Monopoli, n\u2019est pas incluse dans les prix et s\u2019\u00e9l\u00e8ve \u00e0 2 \u20ac par personne et par nuit. Les enfants de moins de 12 ans et les personnes en situation de handicap (selon la loi italienne 104\/1992) en sont exon\u00e9r\u00e9s.<\/p><p>Elle doit \u00eatre r\u00e9gl\u00e9e \u00e0 la r\u00e9ception au moment du d\u00e9part, ind\u00e9pendamment du mode de r\u00e9servation (en ligne ou direct).<\/p><h5>14. Expulsion<\/h5><p>La Direction se r\u00e9serve le droit d\u2019exclure toute personne ne respectant pas le r\u00e8glement ou perturbant le bon fonctionnement du camping.<\/p><h5>15. Dispositions finales<\/h5><p>Le pr\u00e9sent r\u00e8glement fait partie int\u00e9grante des conditions de s\u00e9jour.<\/p><p><strong>La Direction se r\u00e9serve le droit d\u2019exclure du camping, sans pr\u00e9avis, toute personne ne respectant pas ces r\u00e8gles et\/ou adoptant un comportement nuisant \u00e0 l\u2019harmonie et \u00e0 l\u2019esprit du lieu.<\/strong><\/p><p style=\"text-align: right;\"><em>Derni\u00e8re mise \u00e0 jour : 30\/03\/2026<\/em><\/p>\t\t\t\t\t\t\t\t<\/div>\n\t\t\t\t<\/div>\n\t\t\t\t<\/div>\n\t\t\t\t<\/div>\n\t\t<div data-particle_enable=\"false\" data-particle-mobile-disabled=\"false\" class=\"elementor-element elementor-element-5716a63 e-flex e-con-boxed e-con e-parent\" data-id=\"5716a63\" data-element_type=\"container\" data-e-type=\"container\">\n\t\t\t\t\t<div class=\"e-con-inner\">\n\t\t\t\t<div class=\"elementor-element elementor-element-d6487a6 elementor-widget elementor-widget-spacer\" data-id=\"d6487a6\" data-element_type=\"widget\" data-e-type=\"widget\" data-widget_type=\"spacer.default\">\n\t\t\t\t<div class=\"elementor-widget-container\">\n\t\t\t\t\t\t\t<div class=\"elementor-spacer\">\n\t\t\t<div class=\"elementor-spacer-inner\"><\/div>\n\t\t<\/div>\n\t\t\t\t\t\t<\/div>\n\t\t\t\t<\/div>\n\t\t\t\t\t<\/div>\n\t\t\t\t<\/div>\n\t\t\t\t<\/div>\n\t\t","protected":false},"excerpt":{"rendered":"<p>R\u00e8glement Le pr\u00e9sent r\u00e8glement a pour objectif de garantir une cohabitation sereine et respectueuse entre tous les clients du Camping Santo Stefano. Il ne constitue pas une liste exhaustive de r\u00e8gles, mais un ensemble de principes essentiels visant \u00e0 assurer le respect, la s\u00e9curit\u00e9 et le bien-\u00eatre de tous. L\u2019acc\u00e8s et le s\u00e9jour dans l\u2019\u00e9tablissement &#8230; <a title=\"R\u00e8glement\" class=\"read-more\" href=\"https:\/\/www.campingsantostefano.it\/fr\/reglement-du-camping\/\" aria-label=\"En savoir plus sur R\u00e8glement\">Lire la suite<\/a><\/p>\n","protected":false},"author":1,"featured_media":0,"parent":0,"menu_order":0,"comment_status":"closed","ping_status":"closed","template":"elementor_header_footer","meta":{"footnotes":""},"class_list":["post-1538","page","type-page","status-publish"],"yoast_head":"<!-- This site is optimized with the Yoast SEO Premium plugin v27.5 (Yoast SEO v27.5) - https:\/\/yoast.com\/product\/yoast-seo-premium-wordpress\/ -->\n<title>Regolamento | Camping Santo Stefano<\/title>\n<meta name=\"description\" content=\"Scopri nel nostro Regolamento cosa \u00e8 incluso nella tariffa del tuo soggiorno e tutti i servizi disponibili presso il &quot;Santo Stefano Village&quot;\" \/>\n<meta name=\"robots\" content=\"index, follow, max-snippet:-1, max-image-preview:large, max-video-preview:-1\" \/>\n<link rel=\"canonical\" href=\"https:\/\/www.campingsantostefano.it\/fr\/reglement-du-camping\/\" \/>\n<meta property=\"og:locale\" content=\"fr_FR\" \/>\n<meta property=\"og:type\" content=\"article\" \/>\n<meta property=\"og:title\" content=\"R\u00e8glement\" \/>\n<meta property=\"og:description\" content=\"Scopri nel nostro Regolamento cosa \u00e8 incluso nella tariffa del tuo soggiorno e tutti i servizi disponibili presso il &quot;Santo Stefano Village&quot;\" \/>\n<meta property=\"og:url\" content=\"https:\/\/www.campingsantostefano.it\/fr\/reglement-du-camping\/\" \/>\n<meta property=\"og:site_name\" content=\"Camping Santo Stefano\" \/>\n<meta property=\"article:publisher\" content=\"https:\/\/www.facebook.com\/campingsstefano\/\" \/>\n<meta property=\"article:modified_time\" content=\"2026-03-18T00:43:46+00:00\" \/>\n<meta property=\"og:image\" content=\"https:\/\/www.campingsantostefano.it\/wp-content\/uploads\/2026\/03\/guest-guide-camping-santo-stefano-monopoli-puglia-directions-location-seaside-camping-welcome-benvenuti.jpg\" \/>\n\t<meta property=\"og:image:width\" content=\"2560\" \/>\n\t<meta property=\"og:image:height\" content=\"1463\" \/>\n\t<meta property=\"og:image:type\" content=\"image\/jpeg\" \/>\n<meta name=\"twitter:card\" content=\"summary_large_image\" \/>\n<meta name=\"twitter:label1\" content=\"Dur\u00e9e de lecture estim\u00e9e\" \/>\n\t<meta name=\"twitter:data1\" content=\"6 minutes\" \/>\n<script type=\"application\/ld+json\" class=\"yoast-schema-graph\">{\"@context\":\"https:\\\/\\\/schema.org\",\"@graph\":[{\"@type\":\"WebPage\",\"@id\":\"https:\\\/\\\/www.campingsantostefano.it\\\/fr\\\/reglement-du-camping\\\/\",\"url\":\"https:\\\/\\\/www.campingsantostefano.it\\\/fr\\\/reglement-du-camping\\\/\",\"name\":\"Regolamento | Camping Santo Stefano\",\"isPartOf\":{\"@id\":\"https:\\\/\\\/www.campingsantostefano.it\\\/fr\\\/#website\"},\"datePublished\":\"2023-03-15T23:45:09+00:00\",\"dateModified\":\"2026-03-18T00:43:46+00:00\",\"description\":\"Scopri nel nostro Regolamento cosa \u00e8 incluso nella tariffa del tuo soggiorno e tutti i servizi disponibili presso il \\\"Santo Stefano Village\\\"\",\"breadcrumb\":{\"@id\":\"https:\\\/\\\/www.campingsantostefano.it\\\/fr\\\/reglement-du-camping\\\/#breadcrumb\"},\"inLanguage\":\"fr-FR\",\"potentialAction\":[{\"@type\":\"ReadAction\",\"target\":[\"https:\\\/\\\/www.campingsantostefano.it\\\/fr\\\/reglement-du-camping\\\/\"]}]},{\"@type\":\"BreadcrumbList\",\"@id\":\"https:\\\/\\\/www.campingsantostefano.it\\\/fr\\\/reglement-du-camping\\\/#breadcrumb\",\"itemListElement\":[{\"@type\":\"ListItem\",\"position\":1,\"name\":\"Home\",\"item\":\"https:\\\/\\\/www.campingsantostefano.it\\\/fr\\\/\"},{\"@type\":\"ListItem\",\"position\":2,\"name\":\"R\u00e8glement\"}]},{\"@type\":\"WebSite\",\"@id\":\"https:\\\/\\\/www.campingsantostefano.it\\\/fr\\\/#website\",\"url\":\"https:\\\/\\\/www.campingsantostefano.it\\\/fr\\\/\",\"name\":\"Camping Santo Stefano\",\"description\":\"\",\"publisher\":{\"@id\":\"https:\\\/\\\/www.campingsantostefano.it\\\/fr\\\/#organization\"},\"potentialAction\":[{\"@type\":\"SearchAction\",\"target\":{\"@type\":\"EntryPoint\",\"urlTemplate\":\"https:\\\/\\\/www.campingsantostefano.it\\\/fr\\\/?s={search_term_string}\"},\"query-input\":{\"@type\":\"PropertyValueSpecification\",\"valueRequired\":true,\"valueName\":\"search_term_string\"}}],\"inLanguage\":\"fr-FR\"},{\"@type\":\"Organization\",\"@id\":\"https:\\\/\\\/www.campingsantostefano.it\\\/fr\\\/#organization\",\"name\":\"Camping Santo Stefano\",\"url\":\"https:\\\/\\\/www.campingsantostefano.it\\\/fr\\\/\",\"logo\":{\"@type\":\"ImageObject\",\"inLanguage\":\"fr-FR\",\"@id\":\"https:\\\/\\\/www.campingsantostefano.it\\\/fr\\\/#\\\/schema\\\/logo\\\/image\\\/\",\"url\":\"https:\\\/\\\/www.campingsantostefano.it\\\/wp-content\\\/uploads\\\/2023\\\/02\\\/LOGOrgb-2646x1432-white-scaled.png\",\"contentUrl\":\"https:\\\/\\\/www.campingsantostefano.it\\\/wp-content\\\/uploads\\\/2023\\\/02\\\/LOGOrgb-2646x1432-white-scaled.png\",\"width\":1385,\"height\":2560,\"caption\":\"Camping Santo Stefano\"},\"image\":{\"@id\":\"https:\\\/\\\/www.campingsantostefano.it\\\/fr\\\/#\\\/schema\\\/logo\\\/image\\\/\"},\"sameAs\":[\"https:\\\/\\\/www.facebook.com\\\/campingsstefano\\\/\",\"https:\\\/\\\/www.instagram.com\\\/campingsantostefano\\\/\"],\"description\":\"Campeggio per turisti e campeggiatori in riva al mare a Monopoli (BA) Puglia - Italia\",\"email\":\"info@campingsantostefano.it\",\"telephone\":\"+39 335 74 37 291\",\"legalName\":\"The Knight's Secret S.R.L.\",\"foundingDate\":\"2001-03-26\",\"vatID\":\"05678140723\",\"numberOfEmployees\":{\"@type\":\"QuantitativeValue\",\"minValue\":\"1\",\"maxValue\":\"10\"}}]}<\/script>\n<!-- \/ Yoast SEO Premium plugin. -->","yoast_head_json":{"title":"Regolamento | Camping Santo Stefano","description":"Scopri nel nostro Regolamento cosa \u00e8 incluso nella tariffa del tuo soggiorno e tutti i servizi disponibili presso il \"Santo Stefano Village\"","robots":{"index":"index","follow":"follow","max-snippet":"max-snippet:-1","max-image-preview":"max-image-preview:large","max-video-preview":"max-video-preview:-1"},"canonical":"https:\/\/www.campingsantostefano.it\/fr\/reglement-du-camping\/","og_locale":"fr_FR","og_type":"article","og_title":"R\u00e8glement","og_description":"Scopri nel nostro Regolamento cosa \u00e8 incluso nella tariffa del tuo soggiorno e tutti i servizi disponibili presso il \"Santo Stefano Village\"","og_url":"https:\/\/www.campingsantostefano.it\/fr\/reglement-du-camping\/","og_site_name":"Camping Santo Stefano","article_publisher":"https:\/\/www.facebook.com\/campingsstefano\/","article_modified_time":"2026-03-18T00:43:46+00:00","og_image":[{"width":2560,"height":1463,"url":"https:\/\/www.campingsantostefano.it\/wp-content\/uploads\/2026\/03\/guest-guide-camping-santo-stefano-monopoli-puglia-directions-location-seaside-camping-welcome-benvenuti.jpg","type":"image\/jpeg"}],"twitter_card":"summary_large_image","twitter_misc":{"Dur\u00e9e de lecture estim\u00e9e":"6 minutes"},"schema":{"@context":"https:\/\/schema.org","@graph":[{"@type":"WebPage","@id":"https:\/\/www.campingsantostefano.it\/fr\/reglement-du-camping\/","url":"https:\/\/www.campingsantostefano.it\/fr\/reglement-du-camping\/","name":"Regolamento | Camping Santo Stefano","isPartOf":{"@id":"https:\/\/www.campingsantostefano.it\/fr\/#website"},"datePublished":"2023-03-15T23:45:09+00:00","dateModified":"2026-03-18T00:43:46+00:00","description":"Scopri nel nostro Regolamento cosa \u00e8 incluso nella tariffa del tuo soggiorno e tutti i servizi disponibili presso il \"Santo Stefano Village\"","breadcrumb":{"@id":"https:\/\/www.campingsantostefano.it\/fr\/reglement-du-camping\/#breadcrumb"},"inLanguage":"fr-FR","potentialAction":[{"@type":"ReadAction","target":["https:\/\/www.campingsantostefano.it\/fr\/reglement-du-camping\/"]}]},{"@type":"BreadcrumbList","@id":"https:\/\/www.campingsantostefano.it\/fr\/reglement-du-camping\/#breadcrumb","itemListElement":[{"@type":"ListItem","position":1,"name":"Home","item":"https:\/\/www.campingsantostefano.it\/fr\/"},{"@type":"ListItem","position":2,"name":"R\u00e8glement"}]},{"@type":"WebSite","@id":"https:\/\/www.campingsantostefano.it\/fr\/#website","url":"https:\/\/www.campingsantostefano.it\/fr\/","name":"Camping Santo Stefano","description":"","publisher":{"@id":"https:\/\/www.campingsantostefano.it\/fr\/#organization"},"potentialAction":[{"@type":"SearchAction","target":{"@type":"EntryPoint","urlTemplate":"https:\/\/www.campingsantostefano.it\/fr\/?s={search_term_string}"},"query-input":{"@type":"PropertyValueSpecification","valueRequired":true,"valueName":"search_term_string"}}],"inLanguage":"fr-FR"},{"@type":"Organization","@id":"https:\/\/www.campingsantostefano.it\/fr\/#organization","name":"Camping Santo Stefano","url":"https:\/\/www.campingsantostefano.it\/fr\/","logo":{"@type":"ImageObject","inLanguage":"fr-FR","@id":"https:\/\/www.campingsantostefano.it\/fr\/#\/schema\/logo\/image\/","url":"https:\/\/www.campingsantostefano.it\/wp-content\/uploads\/2023\/02\/LOGOrgb-2646x1432-white-scaled.png","contentUrl":"https:\/\/www.campingsantostefano.it\/wp-content\/uploads\/2023\/02\/LOGOrgb-2646x1432-white-scaled.png","width":1385,"height":2560,"caption":"Camping Santo Stefano"},"image":{"@id":"https:\/\/www.campingsantostefano.it\/fr\/#\/schema\/logo\/image\/"},"sameAs":["https:\/\/www.facebook.com\/campingsstefano\/","https:\/\/www.instagram.com\/campingsantostefano\/"],"description":"Campeggio per turisti e campeggiatori in riva al mare a Monopoli (BA) Puglia - Italia","email":"info@campingsantostefano.it","telephone":"+39 335 74 37 291","legalName":"The Knight's Secret S.R.L.","foundingDate":"2001-03-26","vatID":"05678140723","numberOfEmployees":{"@type":"QuantitativeValue","minValue":"1","maxValue":"10"}}]}},"_links":{"self":[{"href":"https:\/\/www.campingsantostefano.it\/fr\/wp-json\/wp\/v2\/pages\/1538","targetHints":{"allow":["GET"]}}],"collection":[{"href":"https:\/\/www.campingsantostefano.it\/fr\/wp-json\/wp\/v2\/pages"}],"about":[{"href":"https:\/\/www.campingsantostefano.it\/fr\/wp-json\/wp\/v2\/types\/page"}],"author":[{"embeddable":true,"href":"https:\/\/www.campingsantostefano.it\/fr\/wp-json\/wp\/v2\/users\/1"}],"replies":[{"embeddable":true,"href":"https:\/\/www.campingsantostefano.it\/fr\/wp-json\/wp\/v2\/comments?post=1538"}],"version-history":[{"count":4,"href":"https:\/\/www.campingsantostefano.it\/fr\/wp-json\/wp\/v2\/pages\/1538\/revisions"}],"predecessor-version":[{"id":1556,"href":"https:\/\/www.campingsantostefano.it\/fr\/wp-json\/wp\/v2\/pages\/1538\/revisions\/1556"}],"wp:attachment":[{"href":"https:\/\/www.campingsantostefano.it\/fr\/wp-json\/wp\/v2\/media?parent=1538"}],"curies":[{"name":"wp","href":"https:\/\/api.w.org\/{rel}","templated":true}]}}