{"id":1669,"date":"2023-03-16T00:43:25","date_gmt":"2023-03-15T23:43:25","guid":{"rendered":"https:\/\/www.campingsantostefano.it\/contatti\/"},"modified":"2026-03-19T02:38:44","modified_gmt":"2026-03-19T01:38:44","slug":"kontakt","status":"publish","type":"page","link":"https:\/\/www.campingsantostefano.it\/de\/kontakt\/","title":{"rendered":"Kontakt"},"content":{"rendered":"\t\t<div data-elementor-type=\"wp-page\" data-elementor-id=\"1669\" class=\"elementor elementor-1669 elementor-23\" data-elementor-post-type=\"page\">\n\t\t\t\t<div data-particle_enable=\"false\" data-particle-mobile-disabled=\"false\" class=\"elementor-element elementor-element-2a54400 e-con-full e-flex e-con e-parent\" data-id=\"2a54400\" data-element_type=\"container\" data-e-type=\"container\" data-settings=\"{&quot;shape_divider_bottom&quot;:&quot;opacity-tilt&quot;}\">\n\t\t\t\t<div class=\"elementor-shape elementor-shape-bottom\" aria-hidden=\"true\" data-negative=\"false\">\n\t\t\t<svg xmlns=\"http:\/\/www.w3.org\/2000\/svg\" viewBox=\"0 0 2600 131.1\" preserveAspectRatio=\"none\">\n\t<path class=\"elementor-shape-fill\" d=\"M0 0L2600 0 2600 69.1 0 0z\"\/>\n\t<path class=\"elementor-shape-fill\" style=\"opacity:0.5\" d=\"M0 0L2600 0 2600 69.1 0 69.1z\"\/>\n\t<path class=\"elementor-shape-fill\" style=\"opacity:0.25\" d=\"M2600 0L0 0 0 130.1 2600 69.1z\"\/>\n<\/svg>\t\t<\/div>\n\t\t\t\t<div class=\"elementor-element elementor-element-a884bb6 elementor--h-position-center elementor--v-position-middle elementor-widget elementor-widget-slides\" data-id=\"a884bb6\" data-element_type=\"widget\" data-e-type=\"widget\" data-settings=\"{&quot;navigation&quot;:&quot;none&quot;,&quot;transition&quot;:&quot;slide&quot;,&quot;transition_speed&quot;:500}\" data-widget_type=\"slides.default\">\n\t\t\t\t<div class=\"elementor-widget-container\">\n\t\t\t\t\t\t\t\t\t<div class=\"elementor-swiper\">\n\t\t\t\t\t<div class=\"elementor-slides-wrapper elementor-main-swiper swiper\" role=\"region\" aria-roledescription=\"carousel\" aria-label=\"Slides\" dir=\"ltr\" data-animation=\"zoomIn\">\n\t\t\t\t<div class=\"swiper-wrapper elementor-slides\">\n\t\t\t\t\t\t\t\t\t\t<div class=\"elementor-repeater-item-2024c39 swiper-slide\" role=\"group\" aria-roledescription=\"slide\"><div class=\"swiper-slide-bg elementor-ken-burns elementor-ken-burns--out\" role=\"img\" aria-label=\"contatti-contact-camping-santo-stefano-monopoli-puglia-directions-location-seaside-camping-reception\"><\/div><div class=\"swiper-slide-inner\" ><div class=\"swiper-slide-contents\"><div class=\"elementor-slide-heading\">Kontakt<\/div><\/div><\/div><\/div>\t\t\t\t<\/div>\n\t\t\t\t\t\t\t<\/div>\n\t\t\t\t<\/div>\n\t\t\t\t\t\t\t\t<\/div>\n\t\t\t\t<\/div>\n\t\t\t\t<\/div>\n\t\t<div data-particle_enable=\"false\" data-particle-mobile-disabled=\"false\" class=\"elementor-element elementor-element-e6845ea e-con-full e-flex e-con e-parent\" data-id=\"e6845ea\" data-element_type=\"container\" data-e-type=\"container\">\n\t\t<div data-particle_enable=\"false\" data-particle-mobile-disabled=\"false\" class=\"elementor-element elementor-element-d12187b e-con-full e-flex e-con e-child\" data-id=\"d12187b\" data-element_type=\"container\" data-e-type=\"container\">\n\t\t<div data-particle_enable=\"false\" data-particle-mobile-disabled=\"false\" class=\"elementor-element elementor-element-0d98bbe e-con-full e-flex e-con e-child\" data-id=\"0d98bbe\" data-element_type=\"container\" data-e-type=\"container\">\n\t\t\t\t<div class=\"elementor-element elementor-element-c5089ad eael-contact-form-7-button-full-width elementor-widget elementor-widget-eael-contact-form-7\" data-id=\"c5089ad\" data-element_type=\"widget\" data-e-type=\"widget\" data-widget_type=\"eael-contact-form-7.default\">\n\t\t\t\t<div class=\"elementor-widget-container\">\n\t\t\t\t\t<div class=\"eael-contact-form-7-wrapper\">\n                <div class=\"eael-contact-form eael-contact-form-7 eael-contact-form-c5089ad placeholder-show eael-contact-form-align-default\">\n<div class=\"wpcf7 no-js\" id=\"wpcf7-f1342-o1\" lang=\"de-DE\" dir=\"ltr\" data-wpcf7-id=\"1342\">\n<div class=\"screen-reader-response\"><p role=\"status\" aria-live=\"polite\" aria-atomic=\"true\"><\/p> <ul><\/ul><\/div>\n<form action=\"\/de\/wp-json\/wp\/v2\/pages\/1669#wpcf7-f1342-o1\" method=\"post\" class=\"wpcf7-form init\" aria-label=\"Kontaktformular\" novalidate=\"novalidate\" data-status=\"init\">\n<fieldset class=\"hidden-fields-container\"><input type=\"hidden\" name=\"_wpcf7\" value=\"1342\" \/><input type=\"hidden\" name=\"_wpcf7_version\" value=\"6.1.5\" \/><input type=\"hidden\" name=\"_wpcf7_locale\" value=\"de_DE\" \/><input type=\"hidden\" name=\"_wpcf7_unit_tag\" value=\"wpcf7-f1342-o1\" \/><input type=\"hidden\" name=\"_wpcf7_container_post\" value=\"0\" \/><input type=\"hidden\" name=\"_wpcf7_posted_data_hash\" value=\"\" \/><input type=\"hidden\" name=\"_wpcf7_recaptcha_response\" value=\"\" \/>\n<\/fieldset>\n<p><label> Ihr Name (erforderlich)<br \/>\n<span class=\"wpcf7-form-control-wrap\" data-name=\"your-name\"><input size=\"40\" maxlength=\"400\" class=\"wpcf7-form-control wpcf7-text wpcf7-validates-as-required\" autocomplete=\"name\" aria-required=\"true\" aria-invalid=\"false\" value=\"\" type=\"text\" name=\"your-name\" \/><\/span> <\/label>\n<\/p>\n<p><label> Ihre E-Mail-Adresse (erforderlich)<br \/>\n<span class=\"wpcf7-form-control-wrap\" data-name=\"your-email\"><input size=\"40\" maxlength=\"400\" class=\"wpcf7-form-control wpcf7-email wpcf7-validates-as-required wpcf7-text wpcf7-validates-as-email\" autocomplete=\"email\" aria-required=\"true\" aria-invalid=\"false\" value=\"\" type=\"email\" name=\"your-email\" \/><\/span> <\/label>\n<\/p>\n<p><label> Telefonnummer (erforderlich)<br \/>\n<span class=\"wpcf7-form-control-wrap\" data-name=\"tel-number\"><input size=\"40\" maxlength=\"400\" class=\"wpcf7-form-control wpcf7-tel wpcf7-validates-as-required wpcf7-text wpcf7-validates-as-tel\" autocomplete=\"tel\" aria-required=\"true\" aria-invalid=\"false\" value=\"\" type=\"tel\" name=\"tel-number\" \/><\/span> <\/label>\n<\/p>\n<p><label> Sie kontaktieren das Camping Santo Stefano f\u00fcr (erforderlich)<br \/>\n<span class=\"wpcf7-form-control-wrap\" data-name=\"menu-richiesta\"><select class=\"wpcf7-form-control wpcf7-select wpcf7-validates-as-required\" aria-required=\"true\" aria-invalid=\"false\" name=\"menu-richiesta\"><option value=\"\">&#8211; Bitte ausw\u00e4hlen &#8211;<\/option><option value=\"Anfrage zur Reservierung eines Stellplatzes\">Anfrage zur Reservierung eines Stellplatzes<\/option><option value=\"Anfrage zur Reservierung eines Mobilheims\">Anfrage zur Reservierung eines Mobilheims<\/option><option value=\"Allgemeine Informationsanfrage\">Allgemeine Informationsanfrage<\/option><option value=\"Problem auf der Website melden\">Problem auf der Website melden<\/option><option value=\"L\u00f6schung pers\u00f6nlicher Daten beantragen\">L\u00f6schung pers\u00f6nlicher Daten beantragen<\/option><\/select><\/span> <\/label>\n<\/p>\n<p><label> Bitte beschreiben Sie Ihre Anfrage genauer (z. B. Ihre gew\u00fcnschten Reisedaten) (erforderlich)<br \/>\n<span class=\"wpcf7-form-control-wrap\" data-name=\"your-message\"><textarea cols=\"40\" rows=\"10\" maxlength=\"2000\" class=\"wpcf7-form-control wpcf7-textarea wpcf7-validates-as-required\" aria-required=\"true\" aria-invalid=\"false\" name=\"your-message\"><\/textarea><\/span> <\/label>\n<\/p>\n<table style=\"width:100%; border:none; margin:0;\">\n\t<tr>\n\t\t<td colspan=\"2\" style=\"border:none;\" width=\"100%\";>\n\t\t\n\t\t<\/td>\n\t<\/tr>\n<\/table>\n<div class=\"the-privacy-acc\">\n\t<div>\n\t\t<table style=\"width:100%; border:none; margin:0;\">\n\t\t\t<tr>\n\t\t\t\t<td style=\"text-align:right; border:none; padding:0 0;\">\n\t\t\t\t\t<p><span class=\"wpcf7-form-control-wrap\" data-name=\"acceptance-555\"><span class=\"wpcf7-form-control wpcf7-acceptance\"><span class=\"wpcf7-list-item\"><input type=\"checkbox\" name=\"acceptance-555\" value=\"1\" aria-invalid=\"false\" \/><\/span><\/span><\/span>\n\t\t\t\t\t<\/p>\n\t\t\t\t<\/td>\n\t\t\t\t<td style=\"text-align:left; border:none; padding: 10px;\" font-size: 12px;>\n\t\t\t\t\t<p style=\"display: table !important;\"><br \/>\nIch habe die <a class=\"the-privacy-link-acc\" href=\"https:\/\/www.campingsantostefano.it\/privacy-policy\/\" target=\"_blank\">Datenschutzerkl\u00e4rung<\/a> gelesen und akzeptiere sie.\n\t\t\t\t\t<\/p>\n\t\t\t\t<\/td>\n\t\t\t<\/tr>\n\t\t<\/table>\n\t<\/div>\n<\/div>\n<table style=\"width:100%; border:none;\">\n\t<tr>\n\t\t<td style=\"text-align:center; border:none;\">\n\t\t\t<p><input class=\"wpcf7-form-control wpcf7-submit has-spinner\" type=\"submit\" value=\"Senden\" \/>\n\t\t\t<\/p>\n\t\t<\/td>\n\t<\/tr>\n<\/table>\n<p style=\"text-align: left; font-size: 12px;\"><br \/>\nDiese Website ist durch Google reCAPTCHA gesch\u00fctzt. Es gelten die <a href=\"https:\/\/policies.google.com\/privacy\">Datenschutzerkl\u00e4rung<\/a> und die <a href=\"https:\/\/policies.google.com\/terms\">Nutzungsbedingungen<\/a> von Google.\n<\/p><p style=\"display: none !important;\" class=\"akismet-fields-container\" data-prefix=\"_wpcf7_ak_\"><label>&#916;<textarea name=\"_wpcf7_ak_hp_textarea\" cols=\"45\" rows=\"8\" maxlength=\"100\"><\/textarea><\/label><input type=\"hidden\" id=\"ak_js_1\" name=\"_wpcf7_ak_js\" value=\"21\"\/><script>\ndocument.getElementById( \"ak_js_1\" ).setAttribute( \"value\", ( new Date() ).getTime() );\n<\/script>\n<\/p><div class=\"wpcf7-response-output\" aria-hidden=\"true\"><\/div>\n<\/form>\n<\/div>\n<\/div>\n            <\/div>\t\t\t\t<\/div>\n\t\t\t\t<\/div>\n\t\t\t\t<\/div>\n\t\t<div data-particle_enable=\"false\" data-particle-mobile-disabled=\"false\" class=\"elementor-element elementor-element-af91abb e-con-full e-flex e-con e-child\" data-id=\"af91abb\" data-element_type=\"container\" data-e-type=\"container\">\n\t\t\t\t<div class=\"elementor-element elementor-element-48da4cb elementor-widget elementor-widget-text-editor\" data-id=\"48da4cb\" data-element_type=\"widget\" data-e-type=\"widget\" data-widget_type=\"text-editor.default\">\n\t\t\t\t<div class=\"elementor-widget-container\">\n\t\t\t\t\t\t\t\t\t<h5>Kontaktieren Sie uns, wir stehen Ihnen gerne zur Verf\u00fcgung.<\/h5>\t\t\t\t\t\t\t\t<\/div>\n\t\t\t\t<\/div>\n\t\t\t\t<div class=\"elementor-element elementor-element-41e2a21 elementor-icon-list--layout-traditional elementor-list-item-link-full_width elementor-widget elementor-widget-icon-list\" data-id=\"41e2a21\" data-element_type=\"widget\" data-e-type=\"widget\" data-widget_type=\"icon-list.default\">\n\t\t\t\t<div class=\"elementor-widget-container\">\n\t\t\t\t\t\t\t<ul class=\"elementor-icon-list-items\">\n\t\t\t\t\t\t\t<li class=\"elementor-icon-list-item\">\n\t\t\t\t\t\t\t\t\t\t\t<a href=\"https:\/\/www.google.com\/maps\/dir\/\/Camping+Santo+Stefano,+Contrada+S.+Stefano,+70043+Monopoli+BA\/@40.8919468,17.1602685,15z\/data=!3m1!4b1!4m8!4m7!1m0!1m5!1m1!1s0x1346356445f4462d:0x1a360670401a5500!2m2!1d17.3320117!2d40.9260123?entry=ttu&#038;g_ep=EgoyMDI2MDMwNC4xIKXMDSoASAFQAw%3D%3D\">\n\n\t\t\t\t\t\t\t\t\t\t\t\t<span class=\"elementor-icon-list-icon\">\n\t\t\t\t\t\t\t<i aria-hidden=\"true\" class=\"fas fa-map-marker-alt\"><\/i>\t\t\t\t\t\t<\/span>\n\t\t\t\t\t\t\t\t\t\t<span class=\"elementor-icon-list-text\">Contrada Santo Stefano<br \/>70043 - Monopoli (BA)<br \/>Italien<\/span>\n\t\t\t\t\t\t\t\t\t\t\t<\/a>\n\t\t\t\t\t\t\t\t\t<\/li>\n\t\t\t\t\t\t\t\t<li class=\"elementor-icon-list-item\">\n\t\t\t\t\t\t\t\t\t\t\t<a href=\"tel:\/\/+39080777065\">\n\n\t\t\t\t\t\t\t\t\t\t\t\t<span class=\"elementor-icon-list-icon\">\n\t\t\t\t\t\t\t<i aria-hidden=\"true\" class=\"fas fa-phone\"><\/i>\t\t\t\t\t\t<\/span>\n\t\t\t\t\t\t\t\t\t\t<span class=\"elementor-icon-list-text\"> +39 080 777 065<\/span>\n\t\t\t\t\t\t\t\t\t\t\t<\/a>\n\t\t\t\t\t\t\t\t\t<\/li>\n\t\t\t\t\t\t\t\t<li class=\"elementor-icon-list-item\">\n\t\t\t\t\t\t\t\t\t\t\t<a href=\"tel:\/\/%20+393357437291\">\n\n\t\t\t\t\t\t\t\t\t\t\t\t<span class=\"elementor-icon-list-icon\">\n\t\t\t\t\t\t\t<i aria-hidden=\"true\" class=\"fas fa-mobile-alt\"><\/i>\t\t\t\t\t\t<\/span>\n\t\t\t\t\t\t\t\t\t\t<span class=\"elementor-icon-list-text\"> +39 335 743 7291<\/span>\n\t\t\t\t\t\t\t\t\t\t\t<\/a>\n\t\t\t\t\t\t\t\t\t<\/li>\n\t\t\t\t\t\t\t\t<li class=\"elementor-icon-list-item\">\n\t\t\t\t\t\t\t\t\t\t\t<a href=\"https:\/\/wa.me\/393357437291?text=Guten%20Tag,%20ich%20kontaktiere%20Sie%20%C3%BCber%20die%20Kontaktseite%20der%20Website%20von%20*Camping%20Santo%20Stefano*\">\n\n\t\t\t\t\t\t\t\t\t\t\t\t<span class=\"elementor-icon-list-icon\">\n\t\t\t\t\t\t\t<i aria-hidden=\"true\" class=\"fab fa-whatsapp\"><\/i>\t\t\t\t\t\t<\/span>\n\t\t\t\t\t\t\t\t\t\t<span class=\"elementor-icon-list-text\">Schreib uns auf WhatsApp<\/span>\n\t\t\t\t\t\t\t\t\t\t\t<\/a>\n\t\t\t\t\t\t\t\t\t<\/li>\n\t\t\t\t\t\t\t\t<li class=\"elementor-icon-list-item\">\n\t\t\t\t\t\t\t\t\t\t\t<a href=\"mailto:info@campingsantostefano.it\">\n\n\t\t\t\t\t\t\t\t\t\t\t\t<span class=\"elementor-icon-list-icon\">\n\t\t\t\t\t\t\t<i aria-hidden=\"true\" class=\"far fa-envelope\"><\/i>\t\t\t\t\t\t<\/span>\n\t\t\t\t\t\t\t\t\t\t<span class=\"elementor-icon-list-text\">info@campingsantostefano.it<\/span>\n\t\t\t\t\t\t\t\t\t\t\t<\/a>\n\t\t\t\t\t\t\t\t\t<\/li>\n\t\t\t\t\t\t<\/ul>\n\t\t\t\t\t\t<\/div>\n\t\t\t\t<\/div>\n\t\t\t\t<div class=\"elementor-element elementor-element-cb834b2 elementor-widget elementor-widget-google_maps\" data-id=\"cb834b2\" data-element_type=\"widget\" data-e-type=\"widget\" data-widget_type=\"google_maps.default\">\n\t\t\t\t<div class=\"elementor-widget-container\">\n\t\t\t\t\t\t\t<div class=\"elementor-custom-embed\">\n\t\t\t<iframe loading=\"lazy\"\n\t\t\t\t\tsrc=\"https:\/\/www.google.com\/maps\/embed\/v1\/place?key=AIzaSyCz1ObgzeoTOrrLOslYe0yVES0zLknio1o&#038;q=Camping%20santo%20stefano%20monopoli&#038;zoom=11\"\n\t\t\t\t\ttitle=\"Camping santo stefano monopoli\"\n\t\t\t\t\taria-label=\"Camping santo stefano monopoli\"\n\t\t\t><\/iframe>\n\t\t<\/div>\n\t\t\t\t\t\t<\/div>\n\t\t\t\t<\/div>\n\t\t\t\t<\/div>\n\t\t\t\t<\/div>\n\t\t\t\t<\/div>\n\t\t<div data-particle_enable=\"false\" data-particle-mobile-disabled=\"false\" class=\"elementor-element elementor-element-5edb394 e-con-full sticky-background-image e-flex e-con e-parent\" data-id=\"5edb394\" data-element_type=\"container\" data-e-type=\"container\" data-settings=\"{&quot;shape_divider_top&quot;:&quot;waves&quot;}\">\n\t\t\t\t<div class=\"elementor-shape elementor-shape-top\" aria-hidden=\"true\" data-negative=\"false\">\n\t\t\t<svg xmlns=\"http:\/\/www.w3.org\/2000\/svg\" viewBox=\"0 0 1000 100\" preserveAspectRatio=\"none\">\n\t<path class=\"elementor-shape-fill\" d=\"M421.9,6.5c22.6-2.5,51.5,0.4,75.5,5.3c23.6,4.9,70.9,23.5,100.5,35.7c75.8,32.2,133.7,44.5,192.6,49.7\n\tc23.6,2.1,48.7,3.5,103.4-2.5c54.7-6,106.2-25.6,106.2-25.6V0H0v30.3c0,0,72,32.6,158.4,30.5c39.2-0.7,92.8-6.7,134-22.4\n\tc21.2-8.1,52.2-18.2,79.7-24.2C399.3,7.9,411.6,7.5,421.9,6.5z\"\/>\n<\/svg>\t\t<\/div>\n\t\t\t\t<div class=\"elementor-element elementor-element-c80a810 elementor-widget elementor-widget-html\" data-id=\"c80a810\" data-element_type=\"widget\" data-e-type=\"widget\" data-widget_type=\"html.default\">\n\t\t\t\t<div class=\"elementor-widget-container\">\n\t\t\t\t\t<script>\r\nwindow.addEventListener(\"orientationchange\", function(event) {\r\ndocument.querySelectorAll('*').forEach(e => {\r\nif (window.getComputedStyle(e).position === 'fixed') {\r\ne.style.position = \"relative\";\r\nsetTimeout(() => (e.style.position = \"fixed\"), 300);\r\n}\r\n});\r\n});\r\n<\/script>\r\n\t\t\t\t<\/div>\n\t\t\t\t<\/div>\n\t\t\t\t<\/div>\n\t\t\t\t<\/div>\n\t\t","protected":false},"excerpt":{"rendered":"<p>Kontakt Ihr Name (erforderlich) Ihre E-Mail-Adresse (erforderlich) Telefonnummer (erforderlich) Sie kontaktieren das Camping Santo Stefano f\u00fcr (erforderlich) &#8212;Seleziona un&#039;opzione&#8212;Anfrage zur Reservierung eines StellplatzesAnfrage zur Reservierung eines MobilheimsAllgemeine InformationsanfrageProblem auf der Website meldenL\u00f6schung pers\u00f6nlicher Daten beantragen Bitte beschreiben Sie Ihre Anfrage genauer (z. B. Ihre gew\u00fcnschten Reisedaten) (erforderlich) Ich habe die Datenschutzerkl\u00e4rung gelesen und akzeptiere sie. &#8230; <a title=\"Kontakt\" class=\"read-more\" href=\"https:\/\/www.campingsantostefano.it\/de\/kontakt\/\" aria-label=\"Mehr Informationen \u00fcber Kontakt\">Weiterlesen<\/a><\/p>\n","protected":false},"author":1,"featured_media":0,"parent":0,"menu_order":0,"comment_status":"closed","ping_status":"closed","template":"elementor_header_footer","meta":{"footnotes":""},"class_list":["post-1669","page","type-page","status-publish"],"yoast_head":"<!-- This site is optimized with the Yoast SEO Premium plugin v27.5 (Yoast SEO v27.5) - https:\/\/yoast.com\/product\/yoast-seo-premium-wordpress\/ -->\n<title>Prenota la tua vacanza in Puglia (Monopoli) | Camping Santo Stefano<\/title>\n<meta name=\"description\" content=\"Contattaci e prenota online la tua casa vacanza mobile in Puglia (Monopoli). Capienza fino a 6 persone. Verifica le disponibilit\u00e0.\" \/>\n<meta name=\"robots\" content=\"index, follow, max-snippet:-1, max-image-preview:large, max-video-preview:-1\" \/>\n<link rel=\"canonical\" href=\"https:\/\/www.campingsantostefano.it\/de\/kontakt\/\" \/>\n<meta property=\"og:locale\" content=\"de_DE\" \/>\n<meta property=\"og:type\" content=\"article\" \/>\n<meta property=\"og:title\" content=\"Kontakt\" \/>\n<meta property=\"og:description\" content=\"Contattaci e prenota online la tua casa vacanza mobile in Puglia (Monopoli). Capienza fino a 6 persone. Verifica le disponibilit\u00e0.\" \/>\n<meta property=\"og:url\" content=\"https:\/\/www.campingsantostefano.it\/de\/kontakt\/\" \/>\n<meta property=\"og:site_name\" content=\"Camping Santo Stefano\" \/>\n<meta property=\"article:publisher\" content=\"https:\/\/www.facebook.com\/campingsstefano\/\" \/>\n<meta property=\"article:modified_time\" content=\"2026-03-19T01:38:44+00:00\" \/>\n<meta property=\"og:image\" content=\"https:\/\/www.campingsantostefano.it\/wp-content\/uploads\/2026\/03\/guest-guide-camping-santo-stefano-monopoli-puglia-directions-location-seaside-camping-welcome-benvenuti.jpg\" \/>\n\t<meta property=\"og:image:width\" content=\"2560\" \/>\n\t<meta property=\"og:image:height\" content=\"1463\" \/>\n\t<meta property=\"og:image:type\" content=\"image\/jpeg\" \/>\n<meta name=\"twitter:card\" content=\"summary_large_image\" \/>\n<meta name=\"twitter:label1\" content=\"Gesch\u00e4tzte Lesezeit\" \/>\n\t<meta name=\"twitter:data1\" content=\"1\u00a0Minute\" \/>\n<script type=\"application\/ld+json\" class=\"yoast-schema-graph\">{\"@context\":\"https:\\\/\\\/schema.org\",\"@graph\":[{\"@type\":\"WebPage\",\"@id\":\"https:\\\/\\\/www.campingsantostefano.it\\\/de\\\/kontakt\\\/\",\"url\":\"https:\\\/\\\/www.campingsantostefano.it\\\/de\\\/kontakt\\\/\",\"name\":\"Prenota la tua vacanza in Puglia (Monopoli) | Camping Santo Stefano\",\"isPartOf\":{\"@id\":\"https:\\\/\\\/www.campingsantostefano.it\\\/de\\\/#website\"},\"datePublished\":\"2023-03-15T23:43:25+00:00\",\"dateModified\":\"2026-03-19T01:38:44+00:00\",\"description\":\"Contattaci e prenota online la tua casa vacanza mobile in Puglia (Monopoli). Capienza fino a 6 persone. Verifica le disponibilit\u00e0.\",\"breadcrumb\":{\"@id\":\"https:\\\/\\\/www.campingsantostefano.it\\\/de\\\/kontakt\\\/#breadcrumb\"},\"inLanguage\":\"de\",\"potentialAction\":[{\"@type\":\"ReadAction\",\"target\":[\"https:\\\/\\\/www.campingsantostefano.it\\\/de\\\/kontakt\\\/\"]}]},{\"@type\":\"BreadcrumbList\",\"@id\":\"https:\\\/\\\/www.campingsantostefano.it\\\/de\\\/kontakt\\\/#breadcrumb\",\"itemListElement\":[{\"@type\":\"ListItem\",\"position\":1,\"name\":\"Home\",\"item\":\"https:\\\/\\\/www.campingsantostefano.it\\\/de\\\/\"},{\"@type\":\"ListItem\",\"position\":2,\"name\":\"Kontakt\"}]},{\"@type\":\"WebSite\",\"@id\":\"https:\\\/\\\/www.campingsantostefano.it\\\/de\\\/#website\",\"url\":\"https:\\\/\\\/www.campingsantostefano.it\\\/de\\\/\",\"name\":\"Camping Santo Stefano\",\"description\":\"\",\"publisher\":{\"@id\":\"https:\\\/\\\/www.campingsantostefano.it\\\/de\\\/#organization\"},\"potentialAction\":[{\"@type\":\"SearchAction\",\"target\":{\"@type\":\"EntryPoint\",\"urlTemplate\":\"https:\\\/\\\/www.campingsantostefano.it\\\/de\\\/?s={search_term_string}\"},\"query-input\":{\"@type\":\"PropertyValueSpecification\",\"valueRequired\":true,\"valueName\":\"search_term_string\"}}],\"inLanguage\":\"de\"},{\"@type\":\"Organization\",\"@id\":\"https:\\\/\\\/www.campingsantostefano.it\\\/de\\\/#organization\",\"name\":\"Camping Santo Stefano\",\"url\":\"https:\\\/\\\/www.campingsantostefano.it\\\/de\\\/\",\"logo\":{\"@type\":\"ImageObject\",\"inLanguage\":\"de\",\"@id\":\"https:\\\/\\\/www.campingsantostefano.it\\\/de\\\/#\\\/schema\\\/logo\\\/image\\\/\",\"url\":\"https:\\\/\\\/www.campingsantostefano.it\\\/wp-content\\\/uploads\\\/2023\\\/02\\\/LOGOrgb-2646x1432-white-scaled.png\",\"contentUrl\":\"https:\\\/\\\/www.campingsantostefano.it\\\/wp-content\\\/uploads\\\/2023\\\/02\\\/LOGOrgb-2646x1432-white-scaled.png\",\"width\":1385,\"height\":2560,\"caption\":\"Camping Santo Stefano\"},\"image\":{\"@id\":\"https:\\\/\\\/www.campingsantostefano.it\\\/de\\\/#\\\/schema\\\/logo\\\/image\\\/\"},\"sameAs\":[\"https:\\\/\\\/www.facebook.com\\\/campingsstefano\\\/\",\"https:\\\/\\\/www.instagram.com\\\/campingsantostefano\\\/\"],\"description\":\"Campeggio per turisti e campeggiatori in riva al mare a Monopoli (BA) Puglia - Italia\",\"email\":\"info@campingsantostefano.it\",\"telephone\":\"+39 335 74 37 291\",\"legalName\":\"The Knight's Secret S.R.L.\",\"foundingDate\":\"2001-03-26\",\"vatID\":\"05678140723\",\"numberOfEmployees\":{\"@type\":\"QuantitativeValue\",\"minValue\":\"1\",\"maxValue\":\"10\"}}]}<\/script>\n<!-- \/ Yoast SEO Premium plugin. -->","yoast_head_json":{"title":"Prenota la tua vacanza in Puglia (Monopoli) | Camping Santo Stefano","description":"Contattaci e prenota online la tua casa vacanza mobile in Puglia (Monopoli). Capienza fino a 6 persone. Verifica le disponibilit\u00e0.","robots":{"index":"index","follow":"follow","max-snippet":"max-snippet:-1","max-image-preview":"max-image-preview:large","max-video-preview":"max-video-preview:-1"},"canonical":"https:\/\/www.campingsantostefano.it\/de\/kontakt\/","og_locale":"de_DE","og_type":"article","og_title":"Kontakt","og_description":"Contattaci e prenota online la tua casa vacanza mobile in Puglia (Monopoli). Capienza fino a 6 persone. Verifica le disponibilit\u00e0.","og_url":"https:\/\/www.campingsantostefano.it\/de\/kontakt\/","og_site_name":"Camping Santo Stefano","article_publisher":"https:\/\/www.facebook.com\/campingsstefano\/","article_modified_time":"2026-03-19T01:38:44+00:00","og_image":[{"width":2560,"height":1463,"url":"https:\/\/www.campingsantostefano.it\/wp-content\/uploads\/2026\/03\/guest-guide-camping-santo-stefano-monopoli-puglia-directions-location-seaside-camping-welcome-benvenuti.jpg","type":"image\/jpeg"}],"twitter_card":"summary_large_image","twitter_misc":{"Gesch\u00e4tzte Lesezeit":"1\u00a0Minute"},"schema":{"@context":"https:\/\/schema.org","@graph":[{"@type":"WebPage","@id":"https:\/\/www.campingsantostefano.it\/de\/kontakt\/","url":"https:\/\/www.campingsantostefano.it\/de\/kontakt\/","name":"Prenota la tua vacanza in Puglia (Monopoli) | Camping Santo Stefano","isPartOf":{"@id":"https:\/\/www.campingsantostefano.it\/de\/#website"},"datePublished":"2023-03-15T23:43:25+00:00","dateModified":"2026-03-19T01:38:44+00:00","description":"Contattaci e prenota online la tua casa vacanza mobile in Puglia (Monopoli). Capienza fino a 6 persone. Verifica le disponibilit\u00e0.","breadcrumb":{"@id":"https:\/\/www.campingsantostefano.it\/de\/kontakt\/#breadcrumb"},"inLanguage":"de","potentialAction":[{"@type":"ReadAction","target":["https:\/\/www.campingsantostefano.it\/de\/kontakt\/"]}]},{"@type":"BreadcrumbList","@id":"https:\/\/www.campingsantostefano.it\/de\/kontakt\/#breadcrumb","itemListElement":[{"@type":"ListItem","position":1,"name":"Home","item":"https:\/\/www.campingsantostefano.it\/de\/"},{"@type":"ListItem","position":2,"name":"Kontakt"}]},{"@type":"WebSite","@id":"https:\/\/www.campingsantostefano.it\/de\/#website","url":"https:\/\/www.campingsantostefano.it\/de\/","name":"Camping Santo Stefano","description":"","publisher":{"@id":"https:\/\/www.campingsantostefano.it\/de\/#organization"},"potentialAction":[{"@type":"SearchAction","target":{"@type":"EntryPoint","urlTemplate":"https:\/\/www.campingsantostefano.it\/de\/?s={search_term_string}"},"query-input":{"@type":"PropertyValueSpecification","valueRequired":true,"valueName":"search_term_string"}}],"inLanguage":"de"},{"@type":"Organization","@id":"https:\/\/www.campingsantostefano.it\/de\/#organization","name":"Camping Santo Stefano","url":"https:\/\/www.campingsantostefano.it\/de\/","logo":{"@type":"ImageObject","inLanguage":"de","@id":"https:\/\/www.campingsantostefano.it\/de\/#\/schema\/logo\/image\/","url":"https:\/\/www.campingsantostefano.it\/wp-content\/uploads\/2023\/02\/LOGOrgb-2646x1432-white-scaled.png","contentUrl":"https:\/\/www.campingsantostefano.it\/wp-content\/uploads\/2023\/02\/LOGOrgb-2646x1432-white-scaled.png","width":1385,"height":2560,"caption":"Camping Santo Stefano"},"image":{"@id":"https:\/\/www.campingsantostefano.it\/de\/#\/schema\/logo\/image\/"},"sameAs":["https:\/\/www.facebook.com\/campingsstefano\/","https:\/\/www.instagram.com\/campingsantostefano\/"],"description":"Campeggio per turisti e campeggiatori in riva al mare a Monopoli (BA) Puglia - Italia","email":"info@campingsantostefano.it","telephone":"+39 335 74 37 291","legalName":"The Knight's Secret S.R.L.","foundingDate":"2001-03-26","vatID":"05678140723","numberOfEmployees":{"@type":"QuantitativeValue","minValue":"1","maxValue":"10"}}]}},"_links":{"self":[{"href":"https:\/\/www.campingsantostefano.it\/de\/wp-json\/wp\/v2\/pages\/1669","targetHints":{"allow":["GET"]}}],"collection":[{"href":"https:\/\/www.campingsantostefano.it\/de\/wp-json\/wp\/v2\/pages"}],"about":[{"href":"https:\/\/www.campingsantostefano.it\/de\/wp-json\/wp\/v2\/types\/page"}],"author":[{"embeddable":true,"href":"https:\/\/www.campingsantostefano.it\/de\/wp-json\/wp\/v2\/users\/1"}],"replies":[{"embeddable":true,"href":"https:\/\/www.campingsantostefano.it\/de\/wp-json\/wp\/v2\/comments?post=1669"}],"version-history":[{"count":13,"href":"https:\/\/www.campingsantostefano.it\/de\/wp-json\/wp\/v2\/pages\/1669\/revisions"}],"predecessor-version":[{"id":1727,"href":"https:\/\/www.campingsantostefano.it\/de\/wp-json\/wp\/v2\/pages\/1669\/revisions\/1727"}],"wp:attachment":[{"href":"https:\/\/www.campingsantostefano.it\/de\/wp-json\/wp\/v2\/media?parent=1669"}],"curies":[{"name":"wp","href":"https:\/\/api.w.org\/{rel}","templated":true}]}}