{"id":1498,"date":"2026-03-17T13:57:29","date_gmt":"2026-03-17T12:57:29","guid":{"rendered":"https:\/\/www.campingsantostefano.it\/note-legali\/"},"modified":"2026-03-17T14:07:28","modified_gmt":"2026-03-17T13:07:28","slug":"impressum","status":"publish","type":"page","link":"https:\/\/www.campingsantostefano.it\/de\/impressum\/","title":{"rendered":"Impressum"},"content":{"rendered":"\t\t<div data-elementor-type=\"wp-page\" data-elementor-id=\"1498\" class=\"elementor elementor-1498 elementor-1490\" data-elementor-post-type=\"page\">\n\t\t\t\t<div data-particle_enable=\"false\" data-particle-mobile-disabled=\"false\" class=\"elementor-element elementor-element-1428571 e-con-full e-flex e-con e-parent\" data-id=\"1428571\" data-element_type=\"container\" data-e-type=\"container\" data-settings=\"{&quot;shape_divider_bottom&quot;:&quot;opacity-tilt&quot;,&quot;background_background&quot;:&quot;classic&quot;}\">\n\t\t\t\t<div class=\"elementor-shape elementor-shape-bottom\" aria-hidden=\"true\" data-negative=\"false\">\n\t\t\t<svg xmlns=\"http:\/\/www.w3.org\/2000\/svg\" viewBox=\"0 0 2600 131.1\" preserveAspectRatio=\"none\">\n\t<path class=\"elementor-shape-fill\" d=\"M0 0L2600 0 2600 69.1 0 0z\"\/>\n\t<path class=\"elementor-shape-fill\" style=\"opacity:0.5\" d=\"M0 0L2600 0 2600 69.1 0 69.1z\"\/>\n\t<path class=\"elementor-shape-fill\" style=\"opacity:0.25\" d=\"M2600 0L0 0 0 130.1 2600 69.1z\"\/>\n<\/svg>\t\t<\/div>\n\t\t\t\t<\/div>\n\t\t<div data-particle_enable=\"false\" data-particle-mobile-disabled=\"false\" class=\"elementor-element elementor-element-343df94 e-con-full e-flex e-con e-parent\" data-id=\"343df94\" data-element_type=\"container\" data-e-type=\"container\">\n\t\t<div data-particle_enable=\"false\" data-particle-mobile-disabled=\"false\" class=\"elementor-element elementor-element-67b60ea e-con-full e-flex e-con e-child\" data-id=\"67b60ea\" data-element_type=\"container\" data-e-type=\"container\">\n\t\t\t\t<div class=\"elementor-element elementor-element-150a6ab elementor-widget elementor-widget-heading\" data-id=\"150a6ab\" data-element_type=\"widget\" data-e-type=\"widget\" data-widget_type=\"heading.default\">\n\t\t\t\t<div class=\"elementor-widget-container\">\n\t\t\t\t\t<h1 class=\"elementor-heading-title elementor-size-default\">Impressum<\/h1>\t\t\t\t<\/div>\n\t\t\t\t<\/div>\n\t\t\t\t<div class=\"elementor-element elementor-element-196f68d elementor-widget elementor-widget-text-editor\" data-id=\"196f68d\" data-element_type=\"widget\" data-e-type=\"widget\" data-widget_type=\"text-editor.default\">\n\t\t\t\t<div class=\"elementor-widget-container\">\n\t\t\t\t\t\t\t\t\t<p>Diese impressum regeln den Zugang, die Nutzung und die Navigation auf der Website <a href=\"https:\/\/www.campingsantostefano.it\/de\/\">https:\/\/www.campingsantostefano.it\/de\/<\/a> (nachfolgend die \u201eWebsite\u201c).<\/p><p>Durch den Zugriff und die Nutzung der Website erkl\u00e4rt sich der Nutzer mit diesen Bedingungen einverstanden.<\/p><h5>1. Betreiber der Website<\/h5><p>Die Website wird betrieben von:<\/p><p>The Knight\u2019s Secret S.R.L.<br \/>USt-IdNr.: IT 05678140723<br \/>Sitz: Largo Portagrande, 28 \u2013 70013 Castellana Grotte (BA) \u2013 Italien<br \/>E-Mail: <a href=\"mailto:info@campingsantostefano.it\">info@campingsantostefano.it<\/a><br \/>Zertifizierte E-Mail (PEC): theks@pec.it<br \/>Telefon: +39 335 743 7291<\/p><h5>2. Inhalte der Website<\/h5><p>Alle auf der Website enthaltenen Inhalte, einschlie\u00dflich Texte, Bilder, Fotografien, Videos, Logos, Marken, Grafiken, Layouts und sonstiger Elemente, sind Eigentum des Betreibers oder werden unter Lizenz verwendet und sind durch die geltenden Vorschriften zum Schutz des geistigen Eigentums gesch\u00fctzt.<\/p><p>Jegliche Vervielf\u00e4ltigung, Verbreitung, \u00c4nderung, Ver\u00f6ffentlichung oder Nutzung, auch auszugsweise, ohne vorherige schriftliche Genehmigung ist untersagt.<\/p><h5>3. Nutzung der Website<\/h5><p>Der Nutzer verpflichtet sich, die Website in \u00dcbereinstimmung mit den geltenden Gesetzen, der \u00f6ffentlichen Ordnung und diesen rechtlichen Hinweisen zu nutzen.<\/p><p>Jegliche missbr\u00e4uchliche Nutzung ist untersagt, insbesondere wenn sie:<\/p><p>&#8211; Sch\u00e4den an der Website verursacht oder deren Funktion beeintr\u00e4chtigt<br \/>&#8211; die Nutzung durch andere Nutzer st\u00f6rt<br \/>&#8211; Rechte Dritter verletzt<\/p><h5>4. Haftungsbeschr\u00e4nkung<\/h5><p>Der Betreiber bem\u00fcht sich, die Inhalte der Website korrekt und aktuell zu halten, \u00fcbernimmt jedoch keine Gew\u00e4hr f\u00fcr deren Vollst\u00e4ndigkeit, Richtigkeit oder Aktualit\u00e4t.<\/p><p>Der Betreiber haftet nicht f\u00fcr:<\/p><p>&#8211; Fehler oder Ungenauigkeiten in den Inhalten<br \/>&#8211; Unterbrechungen oder Funktionsst\u00f6rungen der Website<br \/>&#8211; Sch\u00e4den, die aus der Nutzung der Website entstehen<br \/>&#8211; Viren oder sonstige sch\u00e4dliche Elemente<\/p><h5>5. Links zu externen Websites<\/h5><p>Die Website kann Links zu externen Websites Dritter enthalten.<\/p><p>Diese Websites werden von unabh\u00e4ngigen Betreibern verwaltet, auf deren Inhalte der Betreiber keinen Einfluss hat.<\/p><p>Der Betreiber \u00fcbernimmt keine Verantwortung f\u00fcr Inhalte, Dienstleistungen oder Richtlinien dieser externen Websites.<\/p><h5>6. Dienste Dritter<\/h5><p>Die Website kann Dienste Dritter integrieren, insbesondere:<\/p><p>&#8211; externe Buchungssysteme<br \/>&#8211; Zahlungsplattformen<br \/>&#8211; Analyse- und Marketingdienste<\/p><p>Die Nutzung dieser Dienste kann zur Verarbeitung personenbezogener Daten durch die jeweiligen Anbieter f\u00fchren.<\/p><p>Weitere Informationen finden Sie in der <a href=\"https:\/\/www.campingsantostefano.it\/de\/datenschutzerklaerung\/\">Datenschutzerkl\u00e4rung<\/a> und der <a href=\"https:\/\/www.campingsantostefano.it\/de\/cookie-richtlinie\/\">Cookie-Richtlinie<\/a>.<\/p><h5>7. Geistiges Eigentum<\/h5><p>Alle auf der Website verwendeten Marken, Namen, Logos und Kennzeichen geh\u00f6ren ihren jeweiligen Inhabern.<\/p><p>Eine unbefugte Nutzung ist untersagt.<\/p><h5>8. \u00c4nderungen<\/h5><p>Der Betreiber beh\u00e4lt sich das Recht vor, die Inhalte der Website sowie diese rechtlichen Hinweise jederzeit zu \u00e4ndern.<\/p><p>Die \u00c4nderungen treten mit ihrer Ver\u00f6ffentlichung in Kraft.<\/p><h5>9. Anwendbares Recht<\/h5><p>Diese rechtlichen Hinweise unterliegen dem italienischen Recht.<\/p><p style=\"text-align: right;\"><em>Letzte Aktualisierung: 30\/03\/2026<\/em><\/p>\t\t\t\t\t\t\t\t<\/div>\n\t\t\t\t<\/div>\n\t\t\t\t<\/div>\n\t\t\t\t<\/div>\n\t\t\t\t<\/div>\n\t\t","protected":false},"excerpt":{"rendered":"<p>Impressum Diese impressum regeln den Zugang, die Nutzung und die Navigation auf der Website https:\/\/www.campingsantostefano.it\/de\/ (nachfolgend die \u201eWebsite\u201c). Durch den Zugriff und die Nutzung der Website erkl\u00e4rt sich der Nutzer mit diesen Bedingungen einverstanden. 1. Betreiber der Website Die Website wird betrieben von: The Knight\u2019s Secret S.R.L.USt-IdNr.: IT 05678140723Sitz: Largo Portagrande, 28 \u2013 70013 Castellana &#8230; <a title=\"Impressum\" class=\"read-more\" href=\"https:\/\/www.campingsantostefano.it\/de\/impressum\/\" aria-label=\"Mehr Informationen \u00fcber Impressum\">Weiterlesen<\/a><\/p>\n","protected":false},"author":1,"featured_media":0,"parent":0,"menu_order":0,"comment_status":"closed","ping_status":"closed","template":"","meta":{"footnotes":""},"class_list":["post-1498","page","type-page","status-publish"],"yoast_head":"<!-- This site is optimized with the Yoast SEO Premium plugin v27.4 (Yoast SEO v27.4) - https:\/\/yoast.com\/product\/yoast-seo-premium-wordpress\/ -->\n<title>Impressum - Camping Santo Stefano<\/title>\n<meta name=\"robots\" content=\"index, follow, max-snippet:-1, max-image-preview:large, max-video-preview:-1\" \/>\n<link rel=\"canonical\" href=\"https:\/\/www.campingsantostefano.it\/de\/impressum\/\" \/>\n<meta property=\"og:locale\" content=\"de_DE\" \/>\n<meta property=\"og:type\" content=\"article\" \/>\n<meta property=\"og:title\" content=\"Impressum\" \/>\n<meta property=\"og:description\" content=\"Impressum Diese impressum regeln den Zugang, die Nutzung und die Navigation auf der Website https:\/\/www.campingsantostefano.it\/de\/ (nachfolgend die \u201eWebsite\u201c). Durch den Zugriff und die Nutzung der Website erkl\u00e4rt sich der Nutzer mit diesen Bedingungen einverstanden. 1. Betreiber der Website Die Website wird betrieben von: The Knight\u2019s Secret S.R.L.USt-IdNr.: IT 05678140723Sitz: Largo Portagrande, 28 \u2013 70013 Castellana ... Weiterlesen\" \/>\n<meta property=\"og:url\" content=\"https:\/\/www.campingsantostefano.it\/de\/impressum\/\" \/>\n<meta property=\"og:site_name\" content=\"Camping Santo Stefano\" \/>\n<meta property=\"article:publisher\" content=\"https:\/\/www.facebook.com\/campingsstefano\/\" \/>\n<meta property=\"article:modified_time\" content=\"2026-03-17T13:07:28+00:00\" \/>\n<meta property=\"og:image\" content=\"https:\/\/www.campingsantostefano.it\/wp-content\/uploads\/2026\/03\/guest-guide-camping-santo-stefano-monopoli-puglia-directions-location-seaside-camping-welcome-benvenuti.jpg\" \/>\n\t<meta property=\"og:image:width\" content=\"2560\" \/>\n\t<meta property=\"og:image:height\" content=\"1463\" \/>\n\t<meta property=\"og:image:type\" content=\"image\/jpeg\" \/>\n<meta name=\"twitter:card\" content=\"summary_large_image\" \/>\n<meta name=\"twitter:label1\" content=\"Gesch\u00e4tzte Lesezeit\" \/>\n\t<meta name=\"twitter:data1\" content=\"3\u00a0Minuten\" \/>\n<script type=\"application\/ld+json\" class=\"yoast-schema-graph\">{\"@context\":\"https:\\\/\\\/schema.org\",\"@graph\":[{\"@type\":\"WebPage\",\"@id\":\"https:\\\/\\\/www.campingsantostefano.it\\\/de\\\/impressum\\\/\",\"url\":\"https:\\\/\\\/www.campingsantostefano.it\\\/de\\\/impressum\\\/\",\"name\":\"Impressum - Camping Santo Stefano\",\"isPartOf\":{\"@id\":\"https:\\\/\\\/www.campingsantostefano.it\\\/de\\\/#website\"},\"datePublished\":\"2026-03-17T12:57:29+00:00\",\"dateModified\":\"2026-03-17T13:07:28+00:00\",\"breadcrumb\":{\"@id\":\"https:\\\/\\\/www.campingsantostefano.it\\\/de\\\/impressum\\\/#breadcrumb\"},\"inLanguage\":\"de\",\"potentialAction\":[{\"@type\":\"ReadAction\",\"target\":[\"https:\\\/\\\/www.campingsantostefano.it\\\/de\\\/impressum\\\/\"]}]},{\"@type\":\"BreadcrumbList\",\"@id\":\"https:\\\/\\\/www.campingsantostefano.it\\\/de\\\/impressum\\\/#breadcrumb\",\"itemListElement\":[{\"@type\":\"ListItem\",\"position\":1,\"name\":\"Home\",\"item\":\"https:\\\/\\\/www.campingsantostefano.it\\\/de\\\/\"},{\"@type\":\"ListItem\",\"position\":2,\"name\":\"Impressum\"}]},{\"@type\":\"WebSite\",\"@id\":\"https:\\\/\\\/www.campingsantostefano.it\\\/de\\\/#website\",\"url\":\"https:\\\/\\\/www.campingsantostefano.it\\\/de\\\/\",\"name\":\"Camping Santo Stefano\",\"description\":\"\",\"publisher\":{\"@id\":\"https:\\\/\\\/www.campingsantostefano.it\\\/de\\\/#organization\"},\"potentialAction\":[{\"@type\":\"SearchAction\",\"target\":{\"@type\":\"EntryPoint\",\"urlTemplate\":\"https:\\\/\\\/www.campingsantostefano.it\\\/de\\\/?s={search_term_string}\"},\"query-input\":{\"@type\":\"PropertyValueSpecification\",\"valueRequired\":true,\"valueName\":\"search_term_string\"}}],\"inLanguage\":\"de\"},{\"@type\":\"Organization\",\"@id\":\"https:\\\/\\\/www.campingsantostefano.it\\\/de\\\/#organization\",\"name\":\"Camping Santo Stefano\",\"url\":\"https:\\\/\\\/www.campingsantostefano.it\\\/de\\\/\",\"logo\":{\"@type\":\"ImageObject\",\"inLanguage\":\"de\",\"@id\":\"https:\\\/\\\/www.campingsantostefano.it\\\/de\\\/#\\\/schema\\\/logo\\\/image\\\/\",\"url\":\"https:\\\/\\\/www.campingsantostefano.it\\\/wp-content\\\/uploads\\\/2023\\\/02\\\/LOGOrgb-2646x1432-white-scaled.png\",\"contentUrl\":\"https:\\\/\\\/www.campingsantostefano.it\\\/wp-content\\\/uploads\\\/2023\\\/02\\\/LOGOrgb-2646x1432-white-scaled.png\",\"width\":1385,\"height\":2560,\"caption\":\"Camping Santo Stefano\"},\"image\":{\"@id\":\"https:\\\/\\\/www.campingsantostefano.it\\\/de\\\/#\\\/schema\\\/logo\\\/image\\\/\"},\"sameAs\":[\"https:\\\/\\\/www.facebook.com\\\/campingsstefano\\\/\",\"https:\\\/\\\/www.instagram.com\\\/campingsantostefano\\\/\"],\"description\":\"Campeggio per turisti e campeggiatori in riva al mare a Monopoli (BA) Puglia - Italia\",\"email\":\"info@campingsantostefano.it\",\"telephone\":\"+39 335 74 37 291\",\"legalName\":\"The Knight's Secret S.R.L.\",\"foundingDate\":\"2001-03-26\",\"vatID\":\"05678140723\",\"numberOfEmployees\":{\"@type\":\"QuantitativeValue\",\"minValue\":\"1\",\"maxValue\":\"10\"}}]}<\/script>\n<!-- \/ Yoast SEO Premium plugin. -->","yoast_head_json":{"title":"Impressum - Camping Santo Stefano","robots":{"index":"index","follow":"follow","max-snippet":"max-snippet:-1","max-image-preview":"max-image-preview:large","max-video-preview":"max-video-preview:-1"},"canonical":"https:\/\/www.campingsantostefano.it\/de\/impressum\/","og_locale":"de_DE","og_type":"article","og_title":"Impressum","og_description":"Impressum Diese impressum regeln den Zugang, die Nutzung und die Navigation auf der Website https:\/\/www.campingsantostefano.it\/de\/ (nachfolgend die \u201eWebsite\u201c). Durch den Zugriff und die Nutzung der Website erkl\u00e4rt sich der Nutzer mit diesen Bedingungen einverstanden. 1. Betreiber der Website Die Website wird betrieben von: The Knight\u2019s Secret S.R.L.USt-IdNr.: IT 05678140723Sitz: Largo Portagrande, 28 \u2013 70013 Castellana ... Weiterlesen","og_url":"https:\/\/www.campingsantostefano.it\/de\/impressum\/","og_site_name":"Camping Santo Stefano","article_publisher":"https:\/\/www.facebook.com\/campingsstefano\/","article_modified_time":"2026-03-17T13:07:28+00:00","og_image":[{"width":2560,"height":1463,"url":"https:\/\/www.campingsantostefano.it\/wp-content\/uploads\/2026\/03\/guest-guide-camping-santo-stefano-monopoli-puglia-directions-location-seaside-camping-welcome-benvenuti.jpg","type":"image\/jpeg"}],"twitter_card":"summary_large_image","twitter_misc":{"Gesch\u00e4tzte Lesezeit":"3\u00a0Minuten"},"schema":{"@context":"https:\/\/schema.org","@graph":[{"@type":"WebPage","@id":"https:\/\/www.campingsantostefano.it\/de\/impressum\/","url":"https:\/\/www.campingsantostefano.it\/de\/impressum\/","name":"Impressum - Camping Santo Stefano","isPartOf":{"@id":"https:\/\/www.campingsantostefano.it\/de\/#website"},"datePublished":"2026-03-17T12:57:29+00:00","dateModified":"2026-03-17T13:07:28+00:00","breadcrumb":{"@id":"https:\/\/www.campingsantostefano.it\/de\/impressum\/#breadcrumb"},"inLanguage":"de","potentialAction":[{"@type":"ReadAction","target":["https:\/\/www.campingsantostefano.it\/de\/impressum\/"]}]},{"@type":"BreadcrumbList","@id":"https:\/\/www.campingsantostefano.it\/de\/impressum\/#breadcrumb","itemListElement":[{"@type":"ListItem","position":1,"name":"Home","item":"https:\/\/www.campingsantostefano.it\/de\/"},{"@type":"ListItem","position":2,"name":"Impressum"}]},{"@type":"WebSite","@id":"https:\/\/www.campingsantostefano.it\/de\/#website","url":"https:\/\/www.campingsantostefano.it\/de\/","name":"Camping Santo Stefano","description":"","publisher":{"@id":"https:\/\/www.campingsantostefano.it\/de\/#organization"},"potentialAction":[{"@type":"SearchAction","target":{"@type":"EntryPoint","urlTemplate":"https:\/\/www.campingsantostefano.it\/de\/?s={search_term_string}"},"query-input":{"@type":"PropertyValueSpecification","valueRequired":true,"valueName":"search_term_string"}}],"inLanguage":"de"},{"@type":"Organization","@id":"https:\/\/www.campingsantostefano.it\/de\/#organization","name":"Camping Santo Stefano","url":"https:\/\/www.campingsantostefano.it\/de\/","logo":{"@type":"ImageObject","inLanguage":"de","@id":"https:\/\/www.campingsantostefano.it\/de\/#\/schema\/logo\/image\/","url":"https:\/\/www.campingsantostefano.it\/wp-content\/uploads\/2023\/02\/LOGOrgb-2646x1432-white-scaled.png","contentUrl":"https:\/\/www.campingsantostefano.it\/wp-content\/uploads\/2023\/02\/LOGOrgb-2646x1432-white-scaled.png","width":1385,"height":2560,"caption":"Camping Santo Stefano"},"image":{"@id":"https:\/\/www.campingsantostefano.it\/de\/#\/schema\/logo\/image\/"},"sameAs":["https:\/\/www.facebook.com\/campingsstefano\/","https:\/\/www.instagram.com\/campingsantostefano\/"],"description":"Campeggio per turisti e campeggiatori in riva al mare a Monopoli (BA) Puglia - Italia","email":"info@campingsantostefano.it","telephone":"+39 335 74 37 291","legalName":"The Knight's Secret S.R.L.","foundingDate":"2001-03-26","vatID":"05678140723","numberOfEmployees":{"@type":"QuantitativeValue","minValue":"1","maxValue":"10"}}]}},"_links":{"self":[{"href":"https:\/\/www.campingsantostefano.it\/de\/wp-json\/wp\/v2\/pages\/1498","targetHints":{"allow":["GET"]}}],"collection":[{"href":"https:\/\/www.campingsantostefano.it\/de\/wp-json\/wp\/v2\/pages"}],"about":[{"href":"https:\/\/www.campingsantostefano.it\/de\/wp-json\/wp\/v2\/types\/page"}],"author":[{"embeddable":true,"href":"https:\/\/www.campingsantostefano.it\/de\/wp-json\/wp\/v2\/users\/1"}],"replies":[{"embeddable":true,"href":"https:\/\/www.campingsantostefano.it\/de\/wp-json\/wp\/v2\/comments?post=1498"}],"version-history":[{"count":4,"href":"https:\/\/www.campingsantostefano.it\/de\/wp-json\/wp\/v2\/pages\/1498\/revisions"}],"predecessor-version":[{"id":1507,"href":"https:\/\/www.campingsantostefano.it\/de\/wp-json\/wp\/v2\/pages\/1498\/revisions\/1507"}],"wp:attachment":[{"href":"https:\/\/www.campingsantostefano.it\/de\/wp-json\/wp\/v2\/media?parent=1498"}],"curies":[{"name":"wp","href":"https:\/\/api.w.org\/{rel}","templated":true}]}}